{"id":3279,"date":"2022-12-01T18:44:01","date_gmt":"2022-12-01T16:44:01","guid":{"rendered":"https:\/\/kandeliabrai.com\/?post_type=product&#038;p=3279"},"modified":"2023-01-11T17:40:20","modified_gmt":"2023-01-11T15:40:20","slug":"sviecianti-eglute","status":"publish","type":"product","link":"https:\/\/kandeliabrai.com\/en\/produktas\/sviecianti-eglute\/","title":{"rendered":"\u0160vie\u010dianti eglut\u0117"},"content":{"rendered":"<p>A warm and cozy Christmas gift for decorating the home interior and Christmas tree.<\/p>\n<p>2 pcs. Shiny golden glass toy with a green Christmas tree, diameter 8 cm<\/p>\n<p>Glass transparent LED fir tree, green, dimensions 10.5&#215;24 cm (3AAA batteries)<\/p>\n","protected":false},"excerpt":{"rendered":"<p>A warm and cozy Christmas gift for decorating the home interior and Christmas tree. 2 pcs. Shiny golden glass toy with a green Christmas tree, diameter 8 cm Glass transparent LED fir tree, green, dimensions 10.5&#215;24 cm (3AAA batteries)<\/p>\n","protected":false},"featured_media":2485,"comment_status":"open","ping_status":"closed","template":"","meta":{"inline_featured_image":false},"product_cat":[44],"product_tag":[],"_links":{"self":[{"href":"https:\/\/kandeliabrai.com\/en\/wp-json\/wp\/v2\/product\/3279"}],"collection":[{"href":"https:\/\/kandeliabrai.com\/en\/wp-json\/wp\/v2\/product"}],"about":[{"href":"https:\/\/kandeliabrai.com\/en\/wp-json\/wp\/v2\/types\/product"}],"replies":[{"embeddable":true,"href":"https:\/\/kandeliabrai.com\/en\/wp-json\/wp\/v2\/comments?post=3279"}],"wp:featuredmedia":[{"embeddable":true,"href":"https:\/\/kandeliabrai.com\/en\/wp-json\/wp\/v2\/media\/2485"}],"wp:attachment":[{"href":"https:\/\/kandeliabrai.com\/en\/wp-json\/wp\/v2\/media?parent=3279"}],"wp:term":[{"taxonomy":"product_cat","embeddable":true,"href":"https:\/\/kandeliabrai.com\/en\/wp-json\/wp\/v2\/product_cat?post=3279"},{"taxonomy":"product_tag","embeddable":true,"href":"https:\/\/kandeliabrai.com\/en\/wp-json\/wp\/v2\/product_tag?post=3279"}],"curies":[{"name":"wp","href":"https:\/\/api.w.org\/{rel}","templated":true}]}}