{"id":3327,"date":"2022-12-15T22:12:39","date_gmt":"2022-12-15T20:12:39","guid":{"rendered":"https:\/\/kandeliabrai.com\/?post_type=product&#038;p=3327"},"modified":"2023-01-11T23:16:58","modified_gmt":"2023-01-11T21:16:58","slug":"naujuju-metu-belaukiant","status":"publish","type":"product","link":"https:\/\/kandeliabrai.com\/en\/produktas\/naujuju-metu-belaukiant\/","title":{"rendered":"Nauj\u0173j\u0173 met\u0173 belaukiant"},"content":{"rendered":"<p>An original set for Christmas and New Year. Create coziness on your desk and write down your goals for the coming year.<\/p>\n<p>1 pc. Green cover leather texture notebook with tape and writing, format A5<\/p>\n<p>1 pc. Shiny Christmas tree with red berries, dimensions 25&#215;16 cm<\/p>\n<p>2 pcs. Hanging red decoration &#8220;Merry Christmas&#8221;, width 29 cm<\/p>\n","protected":false},"excerpt":{"rendered":"<p>An original set for Christmas and New Year. Create coziness on your desk and write down your goals for the coming year. 1 pc. Green cover leather texture notebook with tape and writing, format A5 1 pc. Shiny Christmas tree with red berries, dimensions 25&#215;16 cm 2 pcs. Hanging red decoration &#8220;Merry Christmas&#8221;, width 29 [&hellip;]<\/p>\n","protected":false},"featured_media":2971,"comment_status":"open","ping_status":"closed","template":"","meta":{"inline_featured_image":false},"product_cat":[47],"product_tag":[],"_links":{"self":[{"href":"https:\/\/kandeliabrai.com\/en\/wp-json\/wp\/v2\/product\/3327"}],"collection":[{"href":"https:\/\/kandeliabrai.com\/en\/wp-json\/wp\/v2\/product"}],"about":[{"href":"https:\/\/kandeliabrai.com\/en\/wp-json\/wp\/v2\/types\/product"}],"replies":[{"embeddable":true,"href":"https:\/\/kandeliabrai.com\/en\/wp-json\/wp\/v2\/comments?post=3327"}],"wp:featuredmedia":[{"embeddable":true,"href":"https:\/\/kandeliabrai.com\/en\/wp-json\/wp\/v2\/media\/2971"}],"wp:attachment":[{"href":"https:\/\/kandeliabrai.com\/en\/wp-json\/wp\/v2\/media?parent=3327"}],"wp:term":[{"taxonomy":"product_cat","embeddable":true,"href":"https:\/\/kandeliabrai.com\/en\/wp-json\/wp\/v2\/product_cat?post=3327"},{"taxonomy":"product_tag","embeddable":true,"href":"https:\/\/kandeliabrai.com\/en\/wp-json\/wp\/v2\/product_tag?post=3327"}],"curies":[{"name":"wp","href":"https:\/\/api.w.org\/{rel}","templated":true}]}}