{"id":4062,"date":"2022-12-16T07:37:30","date_gmt":"2022-12-16T05:37:30","guid":{"rendered":"https:\/\/kandeliabrai.com\/dekoro-nuoma\/"},"modified":"2023-03-22T09:30:47","modified_gmt":"2023-03-22T07:30:47","slug":"arenda-dekora","status":"publish","type":"page","link":"https:\/\/kandeliabrai.com\/ru\/arenda-dekora\/","title":{"rendered":"\u0410\u0440\u0435\u043d\u0434\u0430 \u0434\u0435\u043a\u043e\u0440\u0430"},"content":{"rendered":"\t\t<div data-elementor-type=\"wp-page\" data-elementor-id=\"4062\" class=\"elementor elementor-4062 elementor-2991\">\n\t\t\t\t\t\t<section class=\"elementor-section elementor-top-section elementor-element elementor-element-010d280 elementor-section-full_width elementor-section-stretched elementor-section-height-min-height elementor-section-content-middle elementor-section-height-default elementor-section-items-middle\" data-id=\"010d280\" data-element_type=\"section\" data-settings=\"{&quot;stretch_section&quot;:&quot;section-stretched&quot;,&quot;background_background&quot;:&quot;classic&quot;}\">\n\t\t\t\t\t\t<div class=\"elementor-container elementor-column-gap-default\">\n\t\t\t\t\t<div class=\"elementor-column elementor-col-100 elementor-top-column elementor-element elementor-element-0a8c0aa\" data-id=\"0a8c0aa\" data-element_type=\"column\">\n\t\t\t<div class=\"elementor-widget-wrap\">\n\t\t\t\t\t\t\t<\/div>\n\t\t<\/div>\n\t\t\t\t\t<\/div>\n\t\t<\/section>\n\t\t\t\t<section class=\"elementor-section elementor-top-section elementor-element elementor-element-5b66ff9 elementor-hidden-mobile elementor-section-boxed elementor-section-height-default elementor-section-height-default\" data-id=\"5b66ff9\" data-element_type=\"section\">\n\t\t\t\t\t\t<div class=\"elementor-container elementor-column-gap-default\">\n\t\t\t\t\t<div class=\"elementor-column elementor-col-50 elementor-top-column elementor-element elementor-element-ccdeb7c\" data-id=\"ccdeb7c\" data-element_type=\"column\">\n\t\t\t<div class=\"elementor-widget-wrap elementor-element-populated\">\n\t\t\t\t\t\t<div class=\"elementor-element elementor-element-c8e6260 elementor-widget elementor-widget-heading\" data-id=\"c8e6260\" data-element_type=\"widget\" data-widget_type=\"heading.default\">\n\t\t\t\t<div class=\"elementor-widget-container\">\n\t\t\t<style>\/*! elementor - v3.21.0 - 18-04-2024 *\/\n.elementor-heading-title{padding:0;margin:0;line-height:1}.elementor-widget-heading .elementor-heading-title[class*=elementor-size-]>a{color:inherit;font-size:inherit;line-height:inherit}.elementor-widget-heading .elementor-heading-title.elementor-size-small{font-size:15px}.elementor-widget-heading .elementor-heading-title.elementor-size-medium{font-size:19px}.elementor-widget-heading .elementor-heading-title.elementor-size-large{font-size:29px}.elementor-widget-heading .elementor-heading-title.elementor-size-xl{font-size:39px}.elementor-widget-heading .elementor-heading-title.elementor-size-xxl{font-size:59px}<\/style><h2 class=\"elementor-heading-title elementor-size-default\"><a href=\"#\">Baldai ir tekstil\u0117<\/a><\/h2>\t\t<\/div>\n\t\t\t\t<\/div>\n\t\t\t\t<div class=\"elementor-element elementor-element-cd81556 elementor-widget__width-auto elementor-widget elementor-widget-heading\" data-id=\"cd81556\" data-element_type=\"widget\" data-widget_type=\"heading.default\">\n\t\t\t\t<div class=\"elementor-widget-container\">\n\t\t\t<h2 class=\"elementor-heading-title elementor-size-default\"><a href=\"#\">\u017di\u016br\u0117ti<\/a><\/h2>\t\t<\/div>\n\t\t\t\t<\/div>\n\t\t\t\t\t<\/div>\n\t\t<\/div>\n\t\t\t\t<div class=\"elementor-column elementor-col-50 elementor-top-column elementor-element elementor-element-cfbb9e8\" data-id=\"cfbb9e8\" data-element_type=\"column\">\n\t\t\t<div class=\"elementor-widget-wrap elementor-element-populated\">\n\t\t\t\t\t\t<div class=\"elementor-element elementor-element-78f5926 elementor-widget elementor-widget-image\" data-id=\"78f5926\" data-element_type=\"widget\" data-widget_type=\"image.default\">\n\t\t\t\t<div class=\"elementor-widget-container\">\n\t\t\t<style>\/*! elementor - v3.21.0 - 18-04-2024 *\/\n.elementor-widget-image{text-align:center}.elementor-widget-image a{display:inline-block}.elementor-widget-image a img[src$=\".svg\"]{width:48px}.elementor-widget-image img{vertical-align:middle;display:inline-block}<\/style>\t\t\t\t\t\t\t\t\t\t\t<a href=\"#\">\n\t\t\t\t\t\t\t<img fetchpriority=\"high\" decoding=\"async\" width=\"1024\" height=\"472\" src=\"https:\/\/kandeliabrai.com\/wp-content\/uploads\/dekoro-nuoma-1-1024x472.jpg\" class=\"attachment-large size-large wp-image-2998\" alt=\"Dekoro nuoma\" srcset=\"https:\/\/kandeliabrai.com\/wp-content\/uploads\/dekoro-nuoma-1-1024x472.jpg 1024w, https:\/\/kandeliabrai.com\/wp-content\/uploads\/dekoro-nuoma-1-300x138.jpg 300w, https:\/\/kandeliabrai.com\/wp-content\/uploads\/dekoro-nuoma-1-768x354.jpg 768w, https:\/\/kandeliabrai.com\/wp-content\/uploads\/dekoro-nuoma-1-1536x708.jpg 1536w, https:\/\/kandeliabrai.com\/wp-content\/uploads\/dekoro-nuoma-1-2048x945.jpg 2048w, https:\/\/kandeliabrai.com\/wp-content\/uploads\/dekoro-nuoma-1-600x277.jpg 600w\" sizes=\"(max-width: 1024px) 100vw, 1024px\" \/>\t\t\t\t\t\t\t\t<\/a>\n\t\t\t\t\t\t\t\t\t\t\t\t\t<\/div>\n\t\t\t\t<\/div>\n\t\t\t\t\t<\/div>\n\t\t<\/div>\n\t\t\t\t\t<\/div>\n\t\t<\/section>\n\t\t\t\t<section class=\"elementor-section elementor-top-section elementor-element elementor-element-af5e9c2 elementor-hidden-desktop elementor-hidden-tablet elementor-section-boxed elementor-section-height-default elementor-section-height-default\" data-id=\"af5e9c2\" data-element_type=\"section\">\n\t\t\t\t\t\t<div class=\"elementor-container elementor-column-gap-default\">\n\t\t\t\t\t<div class=\"elementor-column elementor-col-50 elementor-top-column elementor-element elementor-element-4647eb2\" data-id=\"4647eb2\" data-element_type=\"column\">\n\t\t\t<div class=\"elementor-widget-wrap elementor-element-populated\">\n\t\t\t\t\t\t<div class=\"elementor-element elementor-element-d281f28 elementor-widget elementor-widget-image\" data-id=\"d281f28\" data-element_type=\"widget\" data-widget_type=\"image.default\">\n\t\t\t\t<div class=\"elementor-widget-container\">\n\t\t\t\t\t\t\t\t\t\t\t\t\t\t<a href=\"#\">\n\t\t\t\t\t\t\t<img fetchpriority=\"high\" decoding=\"async\" width=\"1024\" height=\"472\" src=\"https:\/\/kandeliabrai.com\/wp-content\/uploads\/dekoro-nuoma-1-1024x472.jpg\" class=\"attachment-large size-large wp-image-2998\" alt=\"Dekoro nuoma\" srcset=\"https:\/\/kandeliabrai.com\/wp-content\/uploads\/dekoro-nuoma-1-1024x472.jpg 1024w, https:\/\/kandeliabrai.com\/wp-content\/uploads\/dekoro-nuoma-1-300x138.jpg 300w, https:\/\/kandeliabrai.com\/wp-content\/uploads\/dekoro-nuoma-1-768x354.jpg 768w, https:\/\/kandeliabrai.com\/wp-content\/uploads\/dekoro-nuoma-1-1536x708.jpg 1536w, https:\/\/kandeliabrai.com\/wp-content\/uploads\/dekoro-nuoma-1-2048x945.jpg 2048w, https:\/\/kandeliabrai.com\/wp-content\/uploads\/dekoro-nuoma-1-600x277.jpg 600w\" sizes=\"(max-width: 1024px) 100vw, 1024px\" \/>\t\t\t\t\t\t\t\t<\/a>\n\t\t\t\t\t\t\t\t\t\t\t\t\t<\/div>\n\t\t\t\t<\/div>\n\t\t\t\t\t<\/div>\n\t\t<\/div>\n\t\t\t\t<div class=\"elementor-column elementor-col-50 elementor-top-column elementor-element elementor-element-8617663\" data-id=\"8617663\" data-element_type=\"column\">\n\t\t\t<div class=\"elementor-widget-wrap elementor-element-populated\">\n\t\t\t\t\t\t<div class=\"elementor-element elementor-element-0629b85 elementor-widget elementor-widget-heading\" data-id=\"0629b85\" data-element_type=\"widget\" data-widget_type=\"heading.default\">\n\t\t\t\t<div class=\"elementor-widget-container\">\n\t\t\t<h2 class=\"elementor-heading-title elementor-size-default\"><a href=\"#\">Baldai ir tekstil\u0117<\/a><\/h2>\t\t<\/div>\n\t\t\t\t<\/div>\n\t\t\t\t<div class=\"elementor-element elementor-element-d61e26a elementor-widget__width-auto elementor-widget elementor-widget-heading\" data-id=\"d61e26a\" data-element_type=\"widget\" data-widget_type=\"heading.default\">\n\t\t\t\t<div class=\"elementor-widget-container\">\n\t\t\t<h2 class=\"elementor-heading-title elementor-size-default\"><a href=\"#\">\u017di\u016br\u0117ti<\/a><\/h2>\t\t<\/div>\n\t\t\t\t<\/div>\n\t\t\t\t\t<\/div>\n\t\t<\/div>\n\t\t\t\t\t<\/div>\n\t\t<\/section>\n\t\t\t\t<section class=\"elementor-section elementor-top-section elementor-element elementor-element-09132c7 elementor-section-boxed elementor-section-height-default elementor-section-height-default\" data-id=\"09132c7\" data-element_type=\"section\">\n\t\t\t\t\t\t<div class=\"elementor-container elementor-column-gap-default\">\n\t\t\t\t\t<div class=\"elementor-column elementor-col-50 elementor-top-column elementor-element elementor-element-4035aac\" data-id=\"4035aac\" data-element_type=\"column\">\n\t\t\t<div class=\"elementor-widget-wrap elementor-element-populated\">\n\t\t\t\t\t\t<div class=\"elementor-element elementor-element-6469b40 elementor-widget elementor-widget-image\" data-id=\"6469b40\" data-element_type=\"widget\" data-widget_type=\"image.default\">\n\t\t\t\t<div class=\"elementor-widget-container\">\n\t\t\t\t\t\t\t\t\t\t\t\t\t\t<a href=\"#\">\n\t\t\t\t\t\t\t<img decoding=\"async\" width=\"1024\" height=\"447\" src=\"https:\/\/kandeliabrai.com\/wp-content\/uploads\/dekoro-nuoma-2-1024x447.jpg\" class=\"attachment-large size-large wp-image-3004\" alt=\"Dekoro nuoma\" srcset=\"https:\/\/kandeliabrai.com\/wp-content\/uploads\/dekoro-nuoma-2-1024x447.jpg 1024w, https:\/\/kandeliabrai.com\/wp-content\/uploads\/dekoro-nuoma-2-300x131.jpg 300w, https:\/\/kandeliabrai.com\/wp-content\/uploads\/dekoro-nuoma-2-768x335.jpg 768w, https:\/\/kandeliabrai.com\/wp-content\/uploads\/dekoro-nuoma-2-1536x670.jpg 1536w, https:\/\/kandeliabrai.com\/wp-content\/uploads\/dekoro-nuoma-2-2048x893.jpg 2048w, https:\/\/kandeliabrai.com\/wp-content\/uploads\/dekoro-nuoma-2-600x262.jpg 600w\" sizes=\"(max-width: 1024px) 100vw, 1024px\" \/>\t\t\t\t\t\t\t\t<\/a>\n\t\t\t\t\t\t\t\t\t\t\t\t\t<\/div>\n\t\t\t\t<\/div>\n\t\t\t\t\t<\/div>\n\t\t<\/div>\n\t\t\t\t<div class=\"elementor-column elementor-col-50 elementor-top-column elementor-element elementor-element-cf9c373\" data-id=\"cf9c373\" data-element_type=\"column\">\n\t\t\t<div class=\"elementor-widget-wrap elementor-element-populated\">\n\t\t\t\t\t\t<div class=\"elementor-element elementor-element-05c87d8 elementor-widget elementor-widget-heading\" data-id=\"05c87d8\" data-element_type=\"widget\" data-widget_type=\"heading.default\">\n\t\t\t\t<div class=\"elementor-widget-container\">\n\t\t\t<h2 class=\"elementor-heading-title elementor-size-default\"><a href=\"#\">Floristikos nuoma<\/a><\/h2>\t\t<\/div>\n\t\t\t\t<\/div>\n\t\t\t\t<div class=\"elementor-element elementor-element-22e8e9d elementor-widget__width-auto elementor-widget elementor-widget-heading\" data-id=\"22e8e9d\" data-element_type=\"widget\" data-widget_type=\"heading.default\">\n\t\t\t\t<div class=\"elementor-widget-container\">\n\t\t\t<h2 class=\"elementor-heading-title elementor-size-default\"><a href=\"#\">\u017di\u016br\u0117ti<\/a><\/h2>\t\t<\/div>\n\t\t\t\t<\/div>\n\t\t\t\t\t<\/div>\n\t\t<\/div>\n\t\t\t\t\t<\/div>\n\t\t<\/section>\n\t\t\t\t<section class=\"elementor-section elementor-top-section elementor-element elementor-element-6a1dee5 elementor-hidden-mobile elementor-section-boxed elementor-section-height-default elementor-section-height-default\" data-id=\"6a1dee5\" data-element_type=\"section\">\n\t\t\t\t\t\t<div class=\"elementor-container elementor-column-gap-default\">\n\t\t\t\t\t<div class=\"elementor-column elementor-col-50 elementor-top-column elementor-element elementor-element-c3dacf1\" data-id=\"c3dacf1\" data-element_type=\"column\">\n\t\t\t<div class=\"elementor-widget-wrap elementor-element-populated\">\n\t\t\t\t\t\t<div class=\"elementor-element elementor-element-0b15374 elementor-widget elementor-widget-heading\" data-id=\"0b15374\" data-element_type=\"widget\" data-widget_type=\"heading.default\">\n\t\t\t\t<div class=\"elementor-widget-container\">\n\t\t\t<h2 class=\"elementor-heading-title elementor-size-default\"><a href=\"#\">Temin\u0117s dekoracijos<\/a><\/h2>\t\t<\/div>\n\t\t\t\t<\/div>\n\t\t\t\t<div class=\"elementor-element elementor-element-84275c9 elementor-widget__width-auto elementor-widget elementor-widget-heading\" data-id=\"84275c9\" data-element_type=\"widget\" data-widget_type=\"heading.default\">\n\t\t\t\t<div class=\"elementor-widget-container\">\n\t\t\t<h2 class=\"elementor-heading-title elementor-size-default\"><a href=\"#\">\u017di\u016br\u0117ti<\/a><\/h2>\t\t<\/div>\n\t\t\t\t<\/div>\n\t\t\t\t\t<\/div>\n\t\t<\/div>\n\t\t\t\t<div class=\"elementor-column elementor-col-50 elementor-top-column elementor-element elementor-element-c3f11c9\" data-id=\"c3f11c9\" data-element_type=\"column\">\n\t\t\t<div class=\"elementor-widget-wrap elementor-element-populated\">\n\t\t\t\t\t\t<div class=\"elementor-element elementor-element-38cc46f elementor-widget elementor-widget-image\" data-id=\"38cc46f\" data-element_type=\"widget\" data-widget_type=\"image.default\">\n\t\t\t\t<div class=\"elementor-widget-container\">\n\t\t\t\t\t\t\t\t\t\t\t\t\t\t<a href=\"#\">\n\t\t\t\t\t\t\t<img decoding=\"async\" width=\"1024\" height=\"472\" src=\"https:\/\/kandeliabrai.com\/wp-content\/uploads\/dekoro-nuoma-3-1024x472.jpg\" class=\"attachment-large size-large wp-image-3001\" alt=\"Dekoro nuoma\" srcset=\"https:\/\/kandeliabrai.com\/wp-content\/uploads\/dekoro-nuoma-3-1024x472.jpg 1024w, https:\/\/kandeliabrai.com\/wp-content\/uploads\/dekoro-nuoma-3-300x138.jpg 300w, https:\/\/kandeliabrai.com\/wp-content\/uploads\/dekoro-nuoma-3-768x354.jpg 768w, https:\/\/kandeliabrai.com\/wp-content\/uploads\/dekoro-nuoma-3-1536x708.jpg 1536w, https:\/\/kandeliabrai.com\/wp-content\/uploads\/dekoro-nuoma-3-2048x945.jpg 2048w, https:\/\/kandeliabrai.com\/wp-content\/uploads\/dekoro-nuoma-3-600x277.jpg 600w\" sizes=\"(max-width: 1024px) 100vw, 1024px\" \/>\t\t\t\t\t\t\t\t<\/a>\n\t\t\t\t\t\t\t\t\t\t\t\t\t<\/div>\n\t\t\t\t<\/div>\n\t\t\t\t\t<\/div>\n\t\t<\/div>\n\t\t\t\t\t<\/div>\n\t\t<\/section>\n\t\t\t\t<section class=\"elementor-section elementor-top-section elementor-element elementor-element-2d2d8bb elementor-hidden-desktop elementor-hidden-tablet elementor-section-boxed elementor-section-height-default elementor-section-height-default\" data-id=\"2d2d8bb\" data-element_type=\"section\">\n\t\t\t\t\t\t<div class=\"elementor-container elementor-column-gap-default\">\n\t\t\t\t\t<div class=\"elementor-column elementor-col-50 elementor-top-column elementor-element elementor-element-76b2c8d\" data-id=\"76b2c8d\" data-element_type=\"column\">\n\t\t\t<div class=\"elementor-widget-wrap elementor-element-populated\">\n\t\t\t\t\t\t<div class=\"elementor-element elementor-element-20eec71 elementor-widget elementor-widget-image\" data-id=\"20eec71\" data-element_type=\"widget\" data-widget_type=\"image.default\">\n\t\t\t\t<div class=\"elementor-widget-container\">\n\t\t\t\t\t\t\t\t\t\t\t\t\t\t<a href=\"#\">\n\t\t\t\t\t\t\t<img decoding=\"async\" width=\"1024\" height=\"472\" src=\"https:\/\/kandeliabrai.com\/wp-content\/uploads\/dekoro-nuoma-3-1024x472.jpg\" class=\"attachment-large size-large wp-image-3001\" alt=\"Dekoro nuoma\" srcset=\"https:\/\/kandeliabrai.com\/wp-content\/uploads\/dekoro-nuoma-3-1024x472.jpg 1024w, https:\/\/kandeliabrai.com\/wp-content\/uploads\/dekoro-nuoma-3-300x138.jpg 300w, https:\/\/kandeliabrai.com\/wp-content\/uploads\/dekoro-nuoma-3-768x354.jpg 768w, https:\/\/kandeliabrai.com\/wp-content\/uploads\/dekoro-nuoma-3-1536x708.jpg 1536w, https:\/\/kandeliabrai.com\/wp-content\/uploads\/dekoro-nuoma-3-2048x945.jpg 2048w, https:\/\/kandeliabrai.com\/wp-content\/uploads\/dekoro-nuoma-3-600x277.jpg 600w\" sizes=\"(max-width: 1024px) 100vw, 1024px\" \/>\t\t\t\t\t\t\t\t<\/a>\n\t\t\t\t\t\t\t\t\t\t\t\t\t<\/div>\n\t\t\t\t<\/div>\n\t\t\t\t\t<\/div>\n\t\t<\/div>\n\t\t\t\t<div class=\"elementor-column elementor-col-50 elementor-top-column elementor-element elementor-element-fdf971b\" data-id=\"fdf971b\" data-element_type=\"column\">\n\t\t\t<div class=\"elementor-widget-wrap elementor-element-populated\">\n\t\t\t\t\t\t<div class=\"elementor-element elementor-element-c331082 elementor-widget elementor-widget-heading\" data-id=\"c331082\" data-element_type=\"widget\" data-widget_type=\"heading.default\">\n\t\t\t\t<div class=\"elementor-widget-container\">\n\t\t\t<h2 class=\"elementor-heading-title elementor-size-default\">Temin\u0117s dekoracijos<\/h2>\t\t<\/div>\n\t\t\t\t<\/div>\n\t\t\t\t<div class=\"elementor-element elementor-element-df8a8fc elementor-widget__width-auto elementor-widget elementor-widget-heading\" data-id=\"df8a8fc\" data-element_type=\"widget\" data-widget_type=\"heading.default\">\n\t\t\t\t<div class=\"elementor-widget-container\">\n\t\t\t<h2 class=\"elementor-heading-title elementor-size-default\"><a href=\"#\">\u017di\u016br\u0117ti<\/a><\/h2>\t\t<\/div>\n\t\t\t\t<\/div>\n\t\t\t\t\t<\/div>\n\t\t<\/div>\n\t\t\t\t\t<\/div>\n\t\t<\/section>\n\t\t\t\t<\/div>\n\t\t","protected":false},"excerpt":{"rendered":"<p>Baldai ir tekstil\u0117 \u017di\u016br\u0117ti Baldai ir tekstil\u0117 \u017di\u016br\u0117ti Floristikos nuoma \u017di\u016br\u0117ti Temin\u0117s dekoracijos \u017di\u016br\u0117ti Temin\u0117s dekoracijos \u017di\u016br\u0117ti<\/p>\n","protected":false},"author":1,"featured_media":0,"parent":0,"menu_order":0,"comment_status":"closed","ping_status":"closed","template":"elementor_canvas","meta":{"inline_featured_image":false,"footnotes":""},"_links":{"self":[{"href":"https:\/\/kandeliabrai.com\/ru\/wp-json\/wp\/v2\/pages\/4062"}],"collection":[{"href":"https:\/\/kandeliabrai.com\/ru\/wp-json\/wp\/v2\/pages"}],"about":[{"href":"https:\/\/kandeliabrai.com\/ru\/wp-json\/wp\/v2\/types\/page"}],"author":[{"embeddable":true,"href":"https:\/\/kandeliabrai.com\/ru\/wp-json\/wp\/v2\/users\/1"}],"replies":[{"embeddable":true,"href":"https:\/\/kandeliabrai.com\/ru\/wp-json\/wp\/v2\/comments?post=4062"}],"version-history":[{"count":1,"href":"https:\/\/kandeliabrai.com\/ru\/wp-json\/wp\/v2\/pages\/4062\/revisions"}],"predecessor-version":[{"id":4074,"href":"https:\/\/kandeliabrai.com\/ru\/wp-json\/wp\/v2\/pages\/4062\/revisions\/4074"}],"wp:attachment":[{"href":"https:\/\/kandeliabrai.com\/ru\/wp-json\/wp\/v2\/media?parent=4062"}],"curies":[{"name":"wp","href":"https:\/\/api.w.org\/{rel}","templated":true}]}}