{"id":3280,"date":"2023-01-11T17:40:20","date_gmt":"2022-12-01T16:44:01","guid":{"rendered":"https:\/\/kandeliabrai.com\/?post_type=product&#038;p=3280"},"modified":"2023-01-11T17:41:15","modified_gmt":"2023-01-11T15:41:15","slug":"sviecianti-eglute","status":"publish","type":"product","link":"https:\/\/kandeliabrai.com\/ru\/produktas\/sviecianti-eglute\/","title":{"rendered":"\u0160vie\u010dianti eglut\u0117"},"content":{"rendered":"<p>\u0423\u044e\u0442\u043d\u044b\u0439 \u0438 \u0442\u0435\u043f\u043b\u044b\u0439 \u043d\u043e\u0432\u043e\u0433\u043e\u0434\u043d\u0438\u0439 \u043f\u043e\u0434\u0430\u0440\u043e\u043a \u0434\u043b\u044f \u0443\u043a\u0440\u0430\u0448\u0435\u043d\u0438\u044f \u0438\u043d\u0442\u0435\u0440\u044c\u0435\u0440\u0430 \u0434\u043e\u043c\u0430 \u0438 \u0435\u043b\u043a\u0438.<\/p>\n<p>2 \u0448\u0442. \u0411\u043b\u0435\u0441\u0442\u044f\u0449\u0430\u044f \u0437\u043e\u043b\u043e\u0442\u0430\u044f \u0441\u0442\u0435\u043a\u043b\u044f\u043d\u043d\u0430\u044f \u0438\u0433\u0440\u0443\u0448\u043a\u0430 \u0441 \u0437\u0435\u043b\u0435\u043d\u043e\u0439 \u0435\u043b\u043e\u0447\u043a\u043e\u0439, \u0434\u0438\u0430\u043c\u0435\u0442\u0440 8 \u0441\u043c.<\/p>\n<p>\u0421\u0442\u0435\u043a\u043b\u043e \u043f\u0440\u043e\u0437\u0440\u0430\u0447\u043d\u043e\u0435 LED \u0435\u043b\u043e\u0447\u043a\u0430, \u0437\u0435\u043b\u0435\u043d\u043e\u0435, \u0440\u0430\u0437\u043c\u0435\u0440\u044b 10,5\u044524 \u0441\u043c (\u0431\u0430\u0442\u0430\u0440\u0435\u0439\u043a\u0438 3\u0410\u0410\u0410)<\/p>\n","protected":false},"excerpt":{"rendered":"<p>\u0423\u044e\u0442\u043d\u044b\u0439 \u0438 \u0442\u0435\u043f\u043b\u044b\u0439 \u043d\u043e\u0432\u043e\u0433\u043e\u0434\u043d\u0438\u0439 \u043f\u043e\u0434\u0430\u0440\u043e\u043a \u0434\u043b\u044f \u0443\u043a\u0440\u0430\u0448\u0435\u043d\u0438\u044f \u0438\u043d\u0442\u0435\u0440\u044c\u0435\u0440\u0430 \u0434\u043e\u043c\u0430 \u0438 \u0435\u043b\u043a\u0438. 2 \u0448\u0442. \u0411\u043b\u0435\u0441\u0442\u044f\u0449\u0430\u044f \u0437\u043e\u043b\u043e\u0442\u0430\u044f \u0441\u0442\u0435\u043a\u043b\u044f\u043d\u043d\u0430\u044f \u0438\u0433\u0440\u0443\u0448\u043a\u0430 \u0441 \u0437\u0435\u043b\u0435\u043d\u043e\u0439 \u0435\u043b\u043e\u0447\u043a\u043e\u0439, \u0434\u0438\u0430\u043c\u0435\u0442\u0440 8 \u0441\u043c. \u0421\u0442\u0435\u043a\u043b\u043e \u043f\u0440\u043e\u0437\u0440\u0430\u0447\u043d\u043e\u0435 LED \u0435\u043b\u043e\u0447\u043a\u0430, \u0437\u0435\u043b\u0435\u043d\u043e\u0435, \u0440\u0430\u0437\u043c\u0435\u0440\u044b 10,5\u044524 \u0441\u043c (\u0431\u0430\u0442\u0430\u0440\u0435\u0439\u043a\u0438 3\u0410\u0410\u0410)<\/p>\n","protected":false},"featured_media":2486,"comment_status":"open","ping_status":"closed","template":"","meta":{"inline_featured_image":false},"product_cat":[44],"product_tag":[],"_links":{"self":[{"href":"https:\/\/kandeliabrai.com\/ru\/wp-json\/wp\/v2\/product\/3280"}],"collection":[{"href":"https:\/\/kandeliabrai.com\/ru\/wp-json\/wp\/v2\/product"}],"about":[{"href":"https:\/\/kandeliabrai.com\/ru\/wp-json\/wp\/v2\/types\/product"}],"replies":[{"embeddable":true,"href":"https:\/\/kandeliabrai.com\/ru\/wp-json\/wp\/v2\/comments?post=3280"}],"wp:featuredmedia":[{"embeddable":true,"href":"https:\/\/kandeliabrai.com\/ru\/wp-json\/wp\/v2\/media\/2486"}],"wp:attachment":[{"href":"https:\/\/kandeliabrai.com\/ru\/wp-json\/wp\/v2\/media?parent=3280"}],"wp:term":[{"taxonomy":"product_cat","embeddable":true,"href":"https:\/\/kandeliabrai.com\/ru\/wp-json\/wp\/v2\/product_cat?post=3280"},{"taxonomy":"product_tag","embeddable":true,"href":"https:\/\/kandeliabrai.com\/ru\/wp-json\/wp\/v2\/product_tag?post=3280"}],"curies":[{"name":"wp","href":"https:\/\/api.w.org\/{rel}","templated":true}]}}