{"id":3328,"date":"2023-01-11T23:16:58","date_gmt":"2022-12-15T20:12:39","guid":{"rendered":"https:\/\/kandeliabrai.com\/?post_type=product&#038;p=3328"},"modified":"2023-01-11T23:17:54","modified_gmt":"2023-01-11T21:17:54","slug":"naujuju-metu-belaukiant","status":"publish","type":"product","link":"https:\/\/kandeliabrai.com\/ru\/produktas\/naujuju-metu-belaukiant\/","title":{"rendered":"Nauj\u0173j\u0173 met\u0173 belaukiant"},"content":{"rendered":"<p>\u041e\u0440\u0438\u0433\u0438\u043d\u0430\u043b\u044c\u043d\u044b\u0439 \u043d\u0430\u0431\u043e\u0440 \u043a \u0420\u043e\u0436\u0434\u0435\u0441\u0442\u0432\u0443 \u0438 \u041d\u043e\u0432\u043e\u043c\u0443 \u0433\u043e\u0434\u0443. \u0421\u043e\u0437\u0434\u0430\u0439\u0442\u0435 \u0443\u044e\u0442 \u043d\u0430 \u0440\u0430\u0431\u043e\u0447\u0435\u043c \u0441\u0442\u043e\u043b\u0435 \u0438 \u0437\u0430\u043f\u0438\u0448\u0438\u0442\u0435 \u0441\u0432\u043e\u0438 \u0446\u0435\u043b\u0438 \u043d\u0430 \u0431\u043b\u0438\u0436\u0430\u0439\u0448\u0438\u0439 \u0433\u043e\u0434.<\/p>\n<p>1 \u0448\u0442. \u0422\u0435\u0442\u0440\u0430\u0434\u044c \u0441 \u0442\u0435\u043a\u0441\u0442\u0443\u0440\u043e\u0439 \u043a\u043e\u0436\u0438 \u0432 \u0437\u0435\u043b\u0435\u043d\u043e\u0439 \u043e\u0431\u043b\u043e\u0436\u043a\u0435, \u0441 \u043b\u0435\u043d\u0442\u043e\u0439 \u0438 \u043d\u0430\u0434\u043f\u0438\u0441\u044c\u044e, \u0444\u043e\u0440\u043c\u0430\u0442 \u04105<\/p>\n<p>1 \u0448\u0442. \u0411\u043b\u0435\u0441\u0442\u044f\u0449\u0430\u044f \u0435\u043b\u043e\u0447\u043a\u0430 \u0441 \u043a\u0440\u0430\u0441\u043d\u044b\u043c\u0438 \u044f\u0433\u043e\u0434\u0430\u043c\u0438, \u0440\u0430\u0437\u043c\u0435\u0440\u044b 25\u044516 \u0441\u043c.<\/p>\n<p>2 \u0448\u0442. \u041f\u043e\u0434\u0432\u0435\u0441\u043d\u043e\u0435 \u043a\u0440\u0430\u0441\u043d\u043e\u0435 \u0443\u043a\u0440\u0430\u0448\u0435\u043d\u0438\u0435 &#171;\u0421 \u0420\u043e\u0436\u0434\u0435\u0441\u0442\u0432\u043e\u043c \u0425\u0440\u0438\u0441\u0442\u043e\u0432\u044b\u043c&#187;, \u0448\u0438\u0440\u0438\u043d\u0430 29 \u0441\u043c.<\/p>\n","protected":false},"excerpt":{"rendered":"<p>\u041e\u0440\u0438\u0433\u0438\u043d\u0430\u043b\u044c\u043d\u044b\u0439 \u043d\u0430\u0431\u043e\u0440 \u043a \u0420\u043e\u0436\u0434\u0435\u0441\u0442\u0432\u0443 \u0438 \u041d\u043e\u0432\u043e\u043c\u0443 \u0433\u043e\u0434\u0443. \u0421\u043e\u0437\u0434\u0430\u0439\u0442\u0435 \u0443\u044e\u0442 \u043d\u0430 \u0440\u0430\u0431\u043e\u0447\u0435\u043c \u0441\u0442\u043e\u043b\u0435 \u0438 \u0437\u0430\u043f\u0438\u0448\u0438\u0442\u0435 \u0441\u0432\u043e\u0438 \u0446\u0435\u043b\u0438 \u043d\u0430 \u0431\u043b\u0438\u0436\u0430\u0439\u0448\u0438\u0439 \u0433\u043e\u0434. 1 \u0448\u0442. \u0422\u0435\u0442\u0440\u0430\u0434\u044c \u0441 \u0442\u0435\u043a\u0441\u0442\u0443\u0440\u043e\u0439 \u043a\u043e\u0436\u0438 \u0432 \u0437\u0435\u043b\u0435\u043d\u043e\u0439 \u043e\u0431\u043b\u043e\u0436\u043a\u0435, \u0441 \u043b\u0435\u043d\u0442\u043e\u0439 \u0438 \u043d\u0430\u0434\u043f\u0438\u0441\u044c\u044e, \u0444\u043e\u0440\u043c\u0430\u0442 \u04105 1 \u0448\u0442. \u0411\u043b\u0435\u0441\u0442\u044f\u0449\u0430\u044f \u0435\u043b\u043e\u0447\u043a\u0430 \u0441 \u043a\u0440\u0430\u0441\u043d\u044b\u043c\u0438 \u044f\u0433\u043e\u0434\u0430\u043c\u0438, \u0440\u0430\u0437\u043c\u0435\u0440\u044b 25\u044516 \u0441\u043c. 2 \u0448\u0442. \u041f\u043e\u0434\u0432\u0435\u0441\u043d\u043e\u0435 \u043a\u0440\u0430\u0441\u043d\u043e\u0435 \u0443\u043a\u0440\u0430\u0448\u0435\u043d\u0438\u0435 &#171;\u0421 \u0420\u043e\u0436\u0434\u0435\u0441\u0442\u0432\u043e\u043c \u0425\u0440\u0438\u0441\u0442\u043e\u0432\u044b\u043c&#187;, \u0448\u0438\u0440\u0438\u043d\u0430 29 \u0441\u043c.<\/p>\n","protected":false},"featured_media":2972,"comment_status":"open","ping_status":"closed","template":"","meta":{"inline_featured_image":false},"product_cat":[47],"product_tag":[],"_links":{"self":[{"href":"https:\/\/kandeliabrai.com\/ru\/wp-json\/wp\/v2\/product\/3328"}],"collection":[{"href":"https:\/\/kandeliabrai.com\/ru\/wp-json\/wp\/v2\/product"}],"about":[{"href":"https:\/\/kandeliabrai.com\/ru\/wp-json\/wp\/v2\/types\/product"}],"replies":[{"embeddable":true,"href":"https:\/\/kandeliabrai.com\/ru\/wp-json\/wp\/v2\/comments?post=3328"}],"wp:featuredmedia":[{"embeddable":true,"href":"https:\/\/kandeliabrai.com\/ru\/wp-json\/wp\/v2\/media\/2972"}],"wp:attachment":[{"href":"https:\/\/kandeliabrai.com\/ru\/wp-json\/wp\/v2\/media?parent=3328"}],"wp:term":[{"taxonomy":"product_cat","embeddable":true,"href":"https:\/\/kandeliabrai.com\/ru\/wp-json\/wp\/v2\/product_cat?post=3328"},{"taxonomy":"product_tag","embeddable":true,"href":"https:\/\/kandeliabrai.com\/ru\/wp-json\/wp\/v2\/product_tag?post=3328"}],"curies":[{"name":"wp","href":"https:\/\/api.w.org\/{rel}","templated":true}]}}